{"id":14,"date":"2022-11-04T20:59:04","date_gmt":"2022-11-04T20:59:04","guid":{"rendered":"http:\/\/localhost\/fideamerica\/?page_id=9"},"modified":"2025-08-24T21:37:34","modified_gmt":"2025-08-24T19:37:34","slug":"novedades","status":"publish","type":"page","link":"https:\/\/fideamerica.net\/site\/novedades\/","title":{"rendered":"Novedades"},"content":{"rendered":"\n<p>Accede desde aqui a todas las noticias publicadas en el portal de la Confederaci\u00f3n de Ajedrez de Am\u00e9rica.<br><\/p>\n\n\n\n<div class=\"wp-block-query is-layout-flow wp-block-query-is-layout-flow\"><ul class=\"wp-block-post-template is-layout-flow wp-block-post-template-is-layout-flow\"><li class=\"wp-block-post post-17844 post type-post status-publish format-standard has-post-thumbnail hentry category-colombia category-destacados category-novedades\">\n\n<div class=\"wp-block-columns alignwide is-layout-flex wp-container-core-columns-is-layout-9d6595d7 wp-block-columns-is-layout-flex\">\n<div class=\"wp-block-column is-layout-flow wp-block-column-is-layout-flow\" style=\"flex-basis:66.66%\"><figure class=\"wp-block-post-featured-image\"><a href=\"https:\/\/fideamerica.net\/site\/2026\/02\/02\/weymar-munoz-1970-2026\/\" target=\"_self\"  ><img loading=\"lazy\" decoding=\"async\" width=\"600\" height=\"400\" src=\"https:\/\/fideamerica.net\/site\/wp-content\/uploads\/2026\/02\/weymar.jpeg\" class=\"attachment-post-thumbnail size-post-thumbnail wp-post-image\" alt=\"Weymar Mu\u00f1\u00f3z 1970 &#8211; 2026\" style=\"object-fit:cover;\" srcset=\"https:\/\/fideamerica.net\/site\/wp-content\/uploads\/2026\/02\/weymar.jpeg 600w, https:\/\/fideamerica.net\/site\/wp-content\/uploads\/2026\/02\/weymar-300x200.jpeg 300w, https:\/\/fideamerica.net\/site\/wp-content\/uploads\/2026\/02\/weymar-18x12.jpeg 18w\" sizes=\"auto, (max-width: 600px) 100vw, 600px\" \/><\/a><\/figure><\/div>\n\n\n\n<div class=\"wp-block-column is-layout-flow wp-block-column-is-layout-flow\" style=\"flex-basis:33.33%\"><h2 class=\"wp-block-post-title\"><a href=\"https:\/\/fideamerica.net\/site\/2026\/02\/02\/weymar-munoz-1970-2026\/\" target=\"_self\" >Weymar Mu\u00f1\u00f3z 1970 &#8211; 2026<\/a><\/h2>\n\n<div class=\"wp-block-post-excerpt\"><p class=\"wp-block-post-excerpt__excerpt\">Lamentamos profundamente el fallecimiento de Weymar Mu\u00f1\u00f3z, Presidente de la Federaci\u00f3n Colombiana de Ajedrez. No solo hemos perdido un l\u00edder, sino a un gran amigo. <\/p><\/div><\/div>\n<\/div>\n\n<\/li><li class=\"wp-block-post post-17822 post type-post status-publish format-standard has-post-thumbnail hentry category-costa-rica category-destacados category-novedades\">\n\n<div class=\"wp-block-columns alignwide is-layout-flex wp-container-core-columns-is-layout-9d6595d7 wp-block-columns-is-layout-flex\">\n<div class=\"wp-block-column is-layout-flow wp-block-column-is-layout-flow\" style=\"flex-basis:66.66%\"><figure class=\"wp-block-post-featured-image\"><a href=\"https:\/\/fideamerica.net\/site\/2026\/01\/23\/campeonato-centroamericano-y-del-caribe-u-20absoluto-y-femenino-san-jose-2026\/\" target=\"_self\"  ><img loading=\"lazy\" decoding=\"async\" width=\"848\" height=\"530\" src=\"https:\/\/fideamerica.net\/site\/wp-content\/uploads\/2026\/01\/national_theatre_san_jose_travel_guide-1.jpg\" class=\"attachment-post-thumbnail size-post-thumbnail wp-post-image\" alt=\"CAMPEONATO CENTROAMERICANO Y DEL CARIBE U-20 ABSOLUTO Y FEMENINO, SAN JOS\u00c9 2026.\" style=\"object-fit:cover;\" srcset=\"https:\/\/fideamerica.net\/site\/wp-content\/uploads\/2026\/01\/national_theatre_san_jose_travel_guide-1.jpg 848w, https:\/\/fideamerica.net\/site\/wp-content\/uploads\/2026\/01\/national_theatre_san_jose_travel_guide-1-300x188.jpg 300w, https:\/\/fideamerica.net\/site\/wp-content\/uploads\/2026\/01\/national_theatre_san_jose_travel_guide-1-768x480.jpg 768w, https:\/\/fideamerica.net\/site\/wp-content\/uploads\/2026\/01\/national_theatre_san_jose_travel_guide-1-18x12.jpg 18w\" sizes=\"auto, (max-width: 848px) 100vw, 848px\" \/><\/a><\/figure><\/div>\n\n\n\n<div class=\"wp-block-column is-layout-flow wp-block-column-is-layout-flow\" style=\"flex-basis:33.33%\"><h2 class=\"wp-block-post-title\"><a href=\"https:\/\/fideamerica.net\/site\/2026\/01\/23\/campeonato-centroamericano-y-del-caribe-u-20absoluto-y-femenino-san-jose-2026\/\" target=\"_self\" >CAMPEONATO CENTROAMERICANO Y DEL CARIBE U-20 ABSOLUTO Y FEMENINO, SAN JOS\u00c9 2026.<\/a><\/h2>\n\n<div class=\"wp-block-post-excerpt\"><p class=\"wp-block-post-excerpt__excerpt\">Fecha 27 de marzo al 3 de abril de 2026 Control de tiempo Standard Sitio web FIDE Am\u00e9rica Email CAC_U20_2026@fcacostarica.com Lugar de juego Costa Rica <\/p><\/div><\/div>\n<\/div>\n\n<\/li><li class=\"wp-block-post post-17812 post type-post status-publish format-standard has-post-thumbnail hentry category-destacados category-novedades category-peru tag-ajedrez-femenino tag-continental\">\n\n<div class=\"wp-block-columns alignwide is-layout-flex wp-container-core-columns-is-layout-9d6595d7 wp-block-columns-is-layout-flex\">\n<div class=\"wp-block-column is-layout-flow wp-block-column-is-layout-flow\" style=\"flex-basis:66.66%\"><figure class=\"wp-block-post-featured-image\"><a href=\"https:\/\/fideamerica.net\/site\/2026\/01\/22\/xvii-campeonato-continental-femenino-de-ajedrez-de-las-americas-2026\/\" target=\"_self\"  ><img loading=\"lazy\" decoding=\"async\" width=\"434\" height=\"255\" src=\"https:\/\/fideamerica.net\/site\/wp-content\/uploads\/2026\/01\/PORTADAS-WEB-FIDE-AMERICA-3.png\" class=\"attachment-post-thumbnail size-post-thumbnail wp-post-image\" alt=\"XVII Campeonato Continental Femenino de Ajedrez de Las Am\u00e9ricas 2026\" style=\"object-fit:cover;\" srcset=\"https:\/\/fideamerica.net\/site\/wp-content\/uploads\/2026\/01\/PORTADAS-WEB-FIDE-AMERICA-3.png 434w, https:\/\/fideamerica.net\/site\/wp-content\/uploads\/2026\/01\/PORTADAS-WEB-FIDE-AMERICA-3-300x176.png 300w, https:\/\/fideamerica.net\/site\/wp-content\/uploads\/2026\/01\/PORTADAS-WEB-FIDE-AMERICA-3-18x12.png 18w\" sizes=\"auto, (max-width: 434px) 100vw, 434px\" \/><\/a><\/figure><\/div>\n\n\n\n<div class=\"wp-block-column is-layout-flow wp-block-column-is-layout-flow\" style=\"flex-basis:33.33%\"><h2 class=\"wp-block-post-title\"><a href=\"https:\/\/fideamerica.net\/site\/2026\/01\/22\/xvii-campeonato-continental-femenino-de-ajedrez-de-las-americas-2026\/\" target=\"_self\" >XVII Campeonato Continental Femenino de Ajedrez de Las Am\u00e9ricas 2026<\/a><\/h2>\n\n<div class=\"wp-block-post-excerpt\"><p class=\"wp-block-post-excerpt__excerpt\">Fecha 30 de marzo al 06 de abril del 2026 Control de tiempo Standard Sitio web FIDE Am\u00e9rica Email continentalfemenino2026@gmail.com Lugar de juego Delfines Hotel <\/p><\/div><\/div>\n<\/div>\n\n<\/li><li class=\"wp-block-post post-17776 post type-post status-publish format-standard has-post-thumbnail hentry category-novedades category-sin-categoria\">\n\n<div class=\"wp-block-columns alignwide is-layout-flex wp-container-core-columns-is-layout-9d6595d7 wp-block-columns-is-layout-flex\">\n<div class=\"wp-block-column is-layout-flow wp-block-column-is-layout-flow\" style=\"flex-basis:66.66%\"><figure class=\"wp-block-post-featured-image\"><a href=\"https:\/\/fideamerica.net\/site\/2026\/01\/15\/fide-applies-cca-proposals-for-titles-in-odd-numbered-world-and-pan-american-events\/\" target=\"_self\"  ><img loading=\"lazy\" decoding=\"async\" width=\"500\" height=\"303\" src=\"https:\/\/fideamerica.net\/site\/wp-content\/uploads\/2026\/01\/FideAmericaTitlesProposal03-e1768452366965.jpg\" class=\"attachment-post-thumbnail size-post-thumbnail wp-post-image\" alt=\"FIDE applies CCA proposals for Titles in odd-numbered World and Pan American events\" style=\"object-fit:cover;\" \/><\/a><\/figure><\/div>\n\n\n\n<div class=\"wp-block-column is-layout-flow wp-block-column-is-layout-flow\" style=\"flex-basis:33.33%\"><h2 class=\"wp-block-post-title\"><a href=\"https:\/\/fideamerica.net\/site\/2026\/01\/15\/fide-applies-cca-proposals-for-titles-in-odd-numbered-world-and-pan-american-events\/\" target=\"_self\" >FIDE applies CCA proposals for Titles in odd-numbered World and Pan American events<\/a><\/h2>\n\n<div class=\"wp-block-post-excerpt\"><p class=\"wp-block-post-excerpt__excerpt\">CCA&#8217;s proposal to the FIDE Ratings Commission and new regulations for securities from 2026 <\/p><\/div><\/div>\n<\/div>\n\n<\/li><li class=\"wp-block-post post-17760 post type-post status-publish format-standard has-post-thumbnail hentry category-novedades\">\n\n<div class=\"wp-block-columns alignwide is-layout-flex wp-container-core-columns-is-layout-9d6595d7 wp-block-columns-is-layout-flex\">\n<div class=\"wp-block-column is-layout-flow wp-block-column-is-layout-flow\" style=\"flex-basis:66.66%\"><figure class=\"wp-block-post-featured-image\"><a href=\"https:\/\/fideamerica.net\/site\/2026\/01\/14\/fide-aplica-propuestas-de-cca-para-titulos-en-eventos-mundial-y-panamericano-impares\/\" target=\"_self\"  ><img loading=\"lazy\" decoding=\"async\" width=\"500\" height=\"318\" src=\"https:\/\/fideamerica.net\/site\/wp-content\/uploads\/2026\/01\/FideAmericaTitlesProposal02-e1768452192291.jpg\" class=\"attachment-post-thumbnail size-post-thumbnail wp-post-image\" alt=\"FIDE aplica propuestas de CCA para T\u00edtulos en eventos Mundial y Panamericano impares\" style=\"object-fit:cover;\" \/><\/a><\/figure><\/div>\n\n\n\n<div class=\"wp-block-column is-layout-flow wp-block-column-is-layout-flow\" style=\"flex-basis:33.33%\"><h2 class=\"wp-block-post-title\"><a href=\"https:\/\/fideamerica.net\/site\/2026\/01\/14\/fide-aplica-propuestas-de-cca-para-titulos-en-eventos-mundial-y-panamericano-impares\/\" target=\"_self\" >FIDE aplica propuestas de CCA para T\u00edtulos en eventos Mundial y Panamericano impares<\/a><\/h2>\n\n<div class=\"wp-block-post-excerpt\"><p class=\"wp-block-post-excerpt__excerpt\">Propuesta de CCA a Comisi\u00f3n de Calificaciones FIDE y nuevas regulaciones de T\u00edtulos a partir de 2026 <\/p><\/div><\/div>\n<\/div>\n\n<\/li><li class=\"wp-block-post post-17559 post type-post status-publish format-standard has-post-thumbnail hentry category-republica-dominicana category-torneos\">\n\n<div class=\"wp-block-columns alignwide is-layout-flex wp-container-core-columns-is-layout-9d6595d7 wp-block-columns-is-layout-flex\">\n<div class=\"wp-block-column is-layout-flow wp-block-column-is-layout-flow\" style=\"flex-basis:66.66%\"><figure class=\"wp-block-post-featured-image\"><a href=\"https:\/\/fideamerica.net\/site\/2026\/01\/01\/reglamento-hibrido-clasificatorio-xxv-juegos-centroamericanos-2026\/\" target=\"_self\"  ><img loading=\"lazy\" decoding=\"async\" width=\"2240\" height=\"1260\" src=\"https:\/\/fideamerica.net\/site\/wp-content\/uploads\/2025\/11\/dominicana-bien.png\" class=\"attachment-post-thumbnail size-post-thumbnail wp-post-image\" alt=\"Clasificatorio a los XXV Juegos Centroamericanos y del Caribe 2026 &#8211; Resultados Finales\" style=\"object-fit:cover;\" srcset=\"https:\/\/fideamerica.net\/site\/wp-content\/uploads\/2025\/11\/dominicana-bien.png 2240w, https:\/\/fideamerica.net\/site\/wp-content\/uploads\/2025\/11\/dominicana-bien-300x169.png 300w, https:\/\/fideamerica.net\/site\/wp-content\/uploads\/2025\/11\/dominicana-bien-1024x576.png 1024w, https:\/\/fideamerica.net\/site\/wp-content\/uploads\/2025\/11\/dominicana-bien-768x432.png 768w, https:\/\/fideamerica.net\/site\/wp-content\/uploads\/2025\/11\/dominicana-bien-1536x864.png 1536w, https:\/\/fideamerica.net\/site\/wp-content\/uploads\/2025\/11\/dominicana-bien-2048x1152.png 2048w, https:\/\/fideamerica.net\/site\/wp-content\/uploads\/2025\/11\/dominicana-bien-18x10.png 18w\" sizes=\"auto, (max-width: 2240px) 100vw, 2240px\" \/><\/a><\/figure><\/div>\n\n\n\n<div class=\"wp-block-column is-layout-flow wp-block-column-is-layout-flow\" style=\"flex-basis:33.33%\"><h2 class=\"wp-block-post-title\"><a href=\"https:\/\/fideamerica.net\/site\/2026\/01\/01\/reglamento-hibrido-clasificatorio-xxv-juegos-centroamericanos-2026\/\" target=\"_self\" >Clasificatorio a los XXV Juegos Centroamericanos y del Caribe 2026 &#8211; Resultados Finales<\/a><\/h2>\n\n<div class=\"wp-block-post-excerpt\"><p class=\"wp-block-post-excerpt__excerpt\">Qualifying Tournament for the 2026 Central American and Caribbean Games Clasificatorio Juegos Centroamericanos y del Caribe 2026 January 17 &#8211; 18 <\/p><\/div><\/div>\n<\/div>\n\n<\/li><li class=\"wp-block-post post-17629 post type-post status-publish format-standard has-post-thumbnail hentry category-destacados category-el-salvador category-torneos\">\n\n<div class=\"wp-block-columns alignwide is-layout-flex wp-container-core-columns-is-layout-9d6595d7 wp-block-columns-is-layout-flex\">\n<div class=\"wp-block-column is-layout-flow wp-block-column-is-layout-flow\" style=\"flex-basis:66.66%\"><figure class=\"wp-block-post-featured-image\"><a href=\"https:\/\/fideamerica.net\/site\/2026\/01\/01\/xv-campeonato-panamericano-u7-u17-de-ajedrezabsoluto-y-femenino-2026-sonsonate-el-salvador\/\" target=\"_self\"  ><img loading=\"lazy\" decoding=\"async\" width=\"1280\" height=\"720\" src=\"https:\/\/fideamerica.net\/site\/wp-content\/uploads\/2025\/11\/elsalvador.jpeg\" class=\"attachment-post-thumbnail size-post-thumbnail wp-post-image\" alt=\"XV Campeonato Panamericano U7-U17 de Ajedrez Absoluto y Femenino &#8211; 2026 &#8211; Sonsonate \u2013 El Salvador\" style=\"object-fit:cover;\" srcset=\"https:\/\/fideamerica.net\/site\/wp-content\/uploads\/2025\/11\/elsalvador.jpeg 1280w, https:\/\/fideamerica.net\/site\/wp-content\/uploads\/2025\/11\/elsalvador-300x169.jpeg 300w, https:\/\/fideamerica.net\/site\/wp-content\/uploads\/2025\/11\/elsalvador-1024x576.jpeg 1024w, https:\/\/fideamerica.net\/site\/wp-content\/uploads\/2025\/11\/elsalvador-768x432.jpeg 768w, https:\/\/fideamerica.net\/site\/wp-content\/uploads\/2025\/11\/elsalvador-18x10.jpeg 18w\" sizes=\"auto, (max-width: 1280px) 100vw, 1280px\" \/><\/a><\/figure><\/div>\n\n\n\n<div class=\"wp-block-column is-layout-flow wp-block-column-is-layout-flow\" style=\"flex-basis:33.33%\"><h2 class=\"wp-block-post-title\"><a href=\"https:\/\/fideamerica.net\/site\/2026\/01\/01\/xv-campeonato-panamericano-u7-u17-de-ajedrezabsoluto-y-femenino-2026-sonsonate-el-salvador\/\" target=\"_self\" >XV Campeonato Panamericano U7-U17 de Ajedrez Absoluto y Femenino &#8211; 2026 &#8211; Sonsonate \u2013 El Salvador<\/a><\/h2>\n\n<div class=\"wp-block-post-excerpt\"><p class=\"wp-block-post-excerpt__excerpt\">XV Panamerican U7 &#8211; U17 Sonsonate &#8211; El Salvador May 11 &#8211; 18, 2026 <\/p><\/div><\/div>\n<\/div>\n\n<\/li><li class=\"wp-block-post post-17731 post type-post status-publish format-standard has-post-thumbnail hentry category-destacados category-novedades category-qatar\">\n\n<div class=\"wp-block-columns alignwide is-layout-flex wp-container-core-columns-is-layout-9d6595d7 wp-block-columns-is-layout-flex\">\n<div class=\"wp-block-column is-layout-flow wp-block-column-is-layout-flow\" style=\"flex-basis:66.66%\"><figure class=\"wp-block-post-featured-image\"><a href=\"https:\/\/fideamerica.net\/site\/2025\/12\/29\/fide-world-rapid-championship-doha-qatar\/\" target=\"_self\"  ><img loading=\"lazy\" decoding=\"async\" width=\"1280\" height=\"717\" src=\"https:\/\/fideamerica.net\/site\/wp-content\/uploads\/2025\/12\/WRB-Doha.jpg\" class=\"attachment-post-thumbnail size-post-thumbnail wp-post-image\" alt=\"FIDE World Rapid Championship (Doha, Qatar)\" style=\"object-fit:cover;\" srcset=\"https:\/\/fideamerica.net\/site\/wp-content\/uploads\/2025\/12\/WRB-Doha.jpg 1280w, https:\/\/fideamerica.net\/site\/wp-content\/uploads\/2025\/12\/WRB-Doha-300x168.jpg 300w, https:\/\/fideamerica.net\/site\/wp-content\/uploads\/2025\/12\/WRB-Doha-1024x574.jpg 1024w, https:\/\/fideamerica.net\/site\/wp-content\/uploads\/2025\/12\/WRB-Doha-768x430.jpg 768w, https:\/\/fideamerica.net\/site\/wp-content\/uploads\/2025\/12\/WRB-Doha-18x10.jpg 18w\" sizes=\"auto, (max-width: 1280px) 100vw, 1280px\" \/><\/a><\/figure><\/div>\n\n\n\n<div class=\"wp-block-column is-layout-flow wp-block-column-is-layout-flow\" style=\"flex-basis:33.33%\"><h2 class=\"wp-block-post-title\"><a href=\"https:\/\/fideamerica.net\/site\/2025\/12\/29\/fide-world-rapid-championship-doha-qatar\/\" target=\"_self\" >FIDE World Rapid Championship (Doha, Qatar)<\/a><\/h2>\n\n<div class=\"wp-block-post-excerpt\"><p class=\"wp-block-post-excerpt__excerpt\">26 al 30 de Diciembre Participaci\u00f3n Ajedrecistas de Am\u00e9rica <\/p><\/div><\/div>\n<\/div>\n\n<\/li><li class=\"wp-block-post post-2294 post type-post status-publish format-standard has-post-thumbnail hentry category-destacados category-puerto-rico category-torneos\">\n\n<div class=\"wp-block-columns alignwide is-layout-flex wp-container-core-columns-is-layout-9d6595d7 wp-block-columns-is-layout-flex\">\n<div class=\"wp-block-column is-layout-flow wp-block-column-is-layout-flow\" style=\"flex-basis:66.66%\"><figure class=\"wp-block-post-featured-image\"><a href=\"https:\/\/fideamerica.net\/site\/2025\/12\/12\/xx-festival-de-ajedrez-centroamericano-y-del-caribe-de-la-juventud-2025\/\" target=\"_self\"  ><img loading=\"lazy\" decoding=\"async\" width=\"800\" height=\"460\" src=\"https:\/\/fideamerica.net\/site\/wp-content\/uploads\/2025\/06\/puerto-rico-1.png\" class=\"attachment-post-thumbnail size-post-thumbnail wp-post-image\" alt=\"XX Festival De Ajedrez de la Juventud Centroamericano y del Caribe &#8211; Finalizado\" style=\"object-fit:cover;\" \/><\/a><\/figure><\/div>\n\n\n\n<div class=\"wp-block-column is-layout-flow wp-block-column-is-layout-flow\" style=\"flex-basis:33.33%\"><h2 class=\"wp-block-post-title\"><a href=\"https:\/\/fideamerica.net\/site\/2025\/12\/12\/xx-festival-de-ajedrez-centroamericano-y-del-caribe-de-la-juventud-2025\/\" target=\"_self\" >XX Festival De Ajedrez de la Juventud Centroamericano y del Caribe &#8211; Finalizado<\/a><\/h2>\n\n<div class=\"wp-block-post-excerpt\"><p class=\"wp-block-post-excerpt__excerpt\">San Jos\u00e9, Puerto Rico December 14 &#8211; 21 <\/p><\/div><\/div>\n<\/div>\n\n<\/li><li class=\"wp-block-post post-17606 post type-post status-publish format-standard has-post-thumbnail hentry category-calendario category-destacados category-novedades\">\n\n<div class=\"wp-block-columns alignwide is-layout-flex wp-container-core-columns-is-layout-9d6595d7 wp-block-columns-is-layout-flex\">\n<div class=\"wp-block-column is-layout-flow wp-block-column-is-layout-flow\" style=\"flex-basis:66.66%\"><figure class=\"wp-block-post-featured-image\"><a href=\"https:\/\/fideamerica.net\/site\/2025\/12\/09\/calendario-fide-america-2026\/\" target=\"_self\"  ><img loading=\"lazy\" decoding=\"async\" width=\"1454\" height=\"613\" src=\"https:\/\/fideamerica.net\/site\/wp-content\/uploads\/2025\/08\/LOGO-CONFEDERACION-AJEDREZ-03.png\" class=\"attachment-post-thumbnail size-post-thumbnail wp-post-image\" alt=\"Calendario de Eventos FIDE Am\u00e9rica 2026\" style=\"object-fit:cover;\" srcset=\"https:\/\/fideamerica.net\/site\/wp-content\/uploads\/2025\/08\/LOGO-CONFEDERACION-AJEDREZ-03.png 1454w, https:\/\/fideamerica.net\/site\/wp-content\/uploads\/2025\/08\/LOGO-CONFEDERACION-AJEDREZ-03-300x126.png 300w, https:\/\/fideamerica.net\/site\/wp-content\/uploads\/2025\/08\/LOGO-CONFEDERACION-AJEDREZ-03-1024x432.png 1024w, https:\/\/fideamerica.net\/site\/wp-content\/uploads\/2025\/08\/LOGO-CONFEDERACION-AJEDREZ-03-768x324.png 768w, https:\/\/fideamerica.net\/site\/wp-content\/uploads\/2025\/08\/LOGO-CONFEDERACION-AJEDREZ-03-18x8.png 18w\" sizes=\"auto, (max-width: 1454px) 100vw, 1454px\" \/><\/a><\/figure><\/div>\n\n\n\n<div class=\"wp-block-column is-layout-flow wp-block-column-is-layout-flow\" style=\"flex-basis:33.33%\"><h2 class=\"wp-block-post-title\"><a href=\"https:\/\/fideamerica.net\/site\/2025\/12\/09\/calendario-fide-america-2026\/\" target=\"_self\" >Calendario de Eventos FIDE Am\u00e9rica 2026<\/a><\/h2>\n\n<div class=\"wp-block-post-excerpt\"><p class=\"wp-block-post-excerpt__excerpt\">Fide America Events Calendar 2026 <\/p><\/div><\/div>\n<\/div>\n\n<\/li><\/ul><\/div>\n","protected":false},"excerpt":{"rendered":"<p>Accede desde aqui a todas las noticias publicadas en el portal de la Confederaci\u00f3n de Ajedrez de Am\u00e9rica.<\/p>\n","protected":false},"author":1,"featured_media":0,"parent":0,"menu_order":0,"comment_status":"closed","ping_status":"closed","template":"","meta":{"footnotes":""},"class_list":["post-14","page","type-page","status-publish","hentry"],"_links":{"self":[{"href":"https:\/\/fideamerica.net\/site\/wp-json\/wp\/v2\/pages\/14","targetHints":{"allow":["GET"]}}],"collection":[{"href":"https:\/\/fideamerica.net\/site\/wp-json\/wp\/v2\/pages"}],"about":[{"href":"https:\/\/fideamerica.net\/site\/wp-json\/wp\/v2\/types\/page"}],"author":[{"embeddable":true,"href":"https:\/\/fideamerica.net\/site\/wp-json\/wp\/v2\/users\/1"}],"replies":[{"embeddable":true,"href":"https:\/\/fideamerica.net\/site\/wp-json\/wp\/v2\/comments?post=14"}],"version-history":[{"count":1,"href":"https:\/\/fideamerica.net\/site\/wp-json\/wp\/v2\/pages\/14\/revisions"}],"predecessor-version":[{"id":17348,"href":"https:\/\/fideamerica.net\/site\/wp-json\/wp\/v2\/pages\/14\/revisions\/17348"}],"wp:attachment":[{"href":"https:\/\/fideamerica.net\/site\/wp-json\/wp\/v2\/media?parent=14"}],"curies":[{"name":"wp","href":"https:\/\/api.w.org\/{rel}","templated":true}]}}