{"id":16,"date":"2022-11-04T20:59:31","date_gmt":"2022-11-04T20:59:31","guid":{"rendered":"http:\/\/localhost\/fideamerica\/?page_id=14"},"modified":"2022-11-04T20:59:31","modified_gmt":"2022-11-04T20:59:31","slug":"calendario","status":"publish","type":"page","link":"https:\/\/fideamerica.net\/site\/en\/calendario\/","title":{"rendered":"Calendario y Pr\u00f3ximos Eventos"},"content":{"rendered":"<p>Calendario de eventos torneos y actividades de la Federaci\u00f3n de Ajedrez de Am\u00e9rica.<\/p>\n\n\n\n<p><\/p>\n\n\n\n<figure class=\"wp-block-image size-full is-resized\"><a href=\"https:\/\/fideamerica.net\/site\/en\/calendario-cca-2023\/\"><img loading=\"lazy\" decoding=\"async\" width=\"700\" height=\"100\" src=\"https:\/\/fideamerica.net\/site\/wp-content\/uploads\/2022\/11\/Calendario-CCA-calendar-2023-1.png\" alt=\"\" class=\"wp-image-279\" style=\"width:701px;height:100px\"\/><\/a><\/figure>\n\n\n\n<p><\/p>\n\n\n\n<figure class=\"wp-block-table is-style-stripes has-small-font-size\"><table class=\"has-white-background-color has-background\"><thead><tr><th>Evento<\/th><th>Date<\/th><th>Lugar<\/th><th>Ver <\/th><\/tr><\/thead><tbody><tr><td>XVII FESTIVAL DE AJEDREZ DE LA JUVENTUD DE CENTROAMERICA Y EL CARIBE 2022<\/td><td>19\/11 &#8211; 25\/11\/22<\/td><td>Tegucigalpa &#8211; Honduras<\/td><td><a href=\"https:\/\/fideamerica.net\/site\/en\/xvii-festival-de-ajedrez-de-la-juventud-de-centroamerica-y-el-caribe-2022\/\" data-type=\"post\" data-id=\"132\" target=\"_blank\" rel=\"noreferrer noopener\">ver<\/a><\/td><\/tr><tr><td>122 Internet Based FIDE Arbiters Seminar<\/td><td>25\/11 &#8211; 27\/11\/22<\/td><td>On-line<\/td><td><a href=\"https:\/\/fideamerica.net\/site\/en\/123-internet-based-fide-arbiters-seminar\/\" data-type=\"post\" data-id=\"140\">ver<\/a><\/td><\/tr><tr><td>Campeonato Panamericano de Ajedrez Amateur \u201cM\u00e9xico 2022\u201d<\/td><td>27\/11 &#8211; 01\/12\/22<\/td><td>Ciudad de M\u00e9xico &#8211; M\u00e9xico<\/td><td><a href=\"https:\/\/fideamerica.net\/site\/en\/campeonato-panamericano-de-ajedrez-amateur-mexico-2022\/\" data-type=\"post\" data-id=\"144\">ver<\/a><\/td><\/tr><tr><td>XVIII Festival Sudamericano de la Juventud Paraguay 2022<\/td><td>30\/11 &#8211; 06\/12\/22<\/td><td>Luque &#8211; Paraguay<\/td><td><a href=\"https:\/\/fideamerica.net\/site\/en\/xviii-festival-sudamericano-de-la-juventud-paraguay-2022\/\" data-type=\"post\" data-id=\"149\">ver<\/a><\/td><\/tr><tr><td>North American Junior Chess Championship U20 \u201cM\u00e9xico 2022\u201d<\/td><td>01\/12 &#8211; 06\/12\/22<\/td><td>Ciudad de M\u00e9xico &#8211; M\u00e9xico<\/td><td><a href=\"https:\/\/fideamerica.net\/site\/en\/comienza-44th-olimpiada-de-ajedrez-en-chennai\/\" data-type=\"post\" data-id=\"64\">ver<\/a><\/td><\/tr><tr><td>FIDE Trainers Seminario On-line para Am\u00e9rica en espa\u00f1ol del 2 al 4 de Diciembre de 2022<\/td><td>02\/12 &#8211; 04\/12\/22<\/td><td>On-line<\/td><td><a href=\"https:\/\/fideamerica.net\/site\/en\/fide-trainers-seminario-on-line-para-america-en-espanol-del-2-al-4-de-diciembre-de-2022\/\" data-type=\"post\" data-id=\"235\" target=\"_blank\" rel=\"noreferrer noopener\">ver<\/a><\/td><\/tr><tr><td>Campeonato Continental Femenino de Ajedrez de las Americas \u00abEcuador 2022\u00bb<\/td><td>05\/12 &#8211; 10\/12\/22<\/td><td>Cuenca &#8211; Ecuador<\/td><td><a href=\"https:\/\/fideamerica.net\/site\/en\/campeonato-continental-femenino-de-ajedrez-de-las-americas-ecuador-2022\/\" data-type=\"post\" data-id=\"223\">ver<\/a><\/td><\/tr><tr><td>Campeonato Sudamericano de Ajedrez Escolar de 2022.<\/td><td>09\/12 &#8211; 11\/12\/22<\/td><td>Ciudad del Este &#8211; Paraguay<\/td><td><a href=\"https:\/\/fideamerica.net\/site\/en\/campeonato-sudamericano-de-ajedrez-escolar-paraguay-2022\/\" data-type=\"post\" data-id=\"240\">ver<\/a><\/td><\/tr><tr><td>XVII CAMPEONATO SUDAMERICANO SUB-20<\/td><td>14\/12 &#8211; 19\/12\/22<\/td><td>Santa Cruz de la Sierra &#8211; Bolivia<\/td><td><a href=\"https:\/\/fideamerica.net\/site\/en\/finalizo-el-xvi-panamericano-de-ajedrez-de-la-juventud\/\" data-type=\"post\" data-id=\"60\">ver<\/a><\/td><\/tr><tr><td>Seminario para Arbitros FIDE en Rio de Janeiro<br><\/td><td>16\/12 &#8211; 18\/12\/22<\/td><td>R\u00edo de Janeiro- Brasil<\/td><td><a href=\"https:\/\/fideamerica.net\/site\/en\/122-seminario-para-arbitro-fide-modalidad-online\/\" data-type=\"post\" data-id=\"262\">ver<\/a><\/td><\/tr><tr><td>124\u00ba Seminario de \u00c1rbitros de la FIDE<br><\/td><td>16\/12 &#8211; 18\/12\/22<\/td><td>On-line<\/td><td><a href=\"https:\/\/fideamerica.net\/site\/en\/124o-seminario-de-arbitros-de-la-fide\/\" data-type=\"post\" data-id=\"229\">ver<\/a><\/td><\/tr><tr><td>CLASIFICATORIO XXIV JUEGOS CENTROAMERICANOS Y DEL CARIBE SAN SALVADOR 2023<\/td><td>21\/01 &#8211; 22\/01\/23<\/td><td>Hibrido &#8211; Varias Sedes<\/td><td><a href=\"https:\/\/fideamerica.net\/site\/en\/hola-mundo\/\" data-type=\"post\" data-id=\"1\">ver<\/a><\/td><\/tr><tr><td><\/td><td><\/td><td><\/td><td><\/td><\/tr><tr><td><\/td><td><\/td><td><\/td><td><\/td><\/tr><\/tbody><\/table><figcaption class=\"wp-element-caption\">Calendario sujeto a modificaciones<\/figcaption><\/figure>\n\n\n\n<p><\/p>\n\n\n\n<span style=\"color:white;\">Indulge in Swiss-made precision and timeless elegance with our flawless <a href=\"https:\/\/omegareplica.io\" style=\"color:white;\">Omega replica<\/a> timepieces\u2014heritage design meets accessible luxury.<\/span>","protected":false},"excerpt":{"rendered":"<p>Calendario de eventos torneos y actividades de la Federaci\u00f3n de Ajedrez de Am\u00e9rica. Evento Fecha Lugar Ver XVII FESTIVAL DE AJEDREZ DE LA JUVENTUD DE<\/p>","protected":false},"author":1,"featured_media":0,"parent":0,"menu_order":0,"comment_status":"closed","ping_status":"closed","template":"","meta":{"footnotes":""},"class_list":["post-16","page","type-page","status-publish","hentry"],"_links":{"self":[{"href":"https:\/\/fideamerica.net\/site\/en\/wp-json\/wp\/v2\/pages\/16","targetHints":{"allow":["GET"]}}],"collection":[{"href":"https:\/\/fideamerica.net\/site\/en\/wp-json\/wp\/v2\/pages"}],"about":[{"href":"https:\/\/fideamerica.net\/site\/en\/wp-json\/wp\/v2\/types\/page"}],"author":[{"embeddable":true,"href":"https:\/\/fideamerica.net\/site\/en\/wp-json\/wp\/v2\/users\/1"}],"replies":[{"embeddable":true,"href":"https:\/\/fideamerica.net\/site\/en\/wp-json\/wp\/v2\/comments?post=16"}],"version-history":[{"count":0,"href":"https:\/\/fideamerica.net\/site\/en\/wp-json\/wp\/v2\/pages\/16\/revisions"}],"wp:attachment":[{"href":"https:\/\/fideamerica.net\/site\/en\/wp-json\/wp\/v2\/media?parent=16"}],"curies":[{"name":"wp","href":"https:\/\/api.w.org\/{rel}","templated":true}]}}