{"id":15,"date":"2022-11-04T20:59:20","date_gmt":"2022-11-04T20:59:20","guid":{"rendered":"http:\/\/localhost\/fideamerica\/?page_id=12"},"modified":"2022-11-04T20:59:20","modified_gmt":"2022-11-04T20:59:20","slug":"torneos","status":"publish","type":"page","link":"https:\/\/fideamerica.net\/site\/en\/torneos\/","title":{"rendered":"Tournaments"},"content":{"rendered":"<div class=\"wp-block-query is-layout-flow wp-block-query-is-layout-flow\"><ul class=\"wp-block-post-template is-layout-flow wp-block-post-template-is-layout-flow\"><li class=\"wp-block-post post-17591 post type-post status-publish format-standard has-post-thumbnail hentry category-arbitraje category-seminarios\">\n\n<div class=\"wp-block-columns are-vertically-aligned-center is-layout-flex wp-container-core-columns-is-layout-9d6595d7 wp-block-columns-is-layout-flex\">\n<div class=\"wp-block-column is-vertically-aligned-center is-layout-flow wp-block-column-is-layout-flow\" style=\"flex-basis:25%\"><figure class=\"wp-block-post-featured-image\"><a href=\"https:\/\/fideamerica.net\/site\/en\/2025\/11\/21\/proximos-seminarios-de-arbitraje\/\" target=\"_self\"  ><img loading=\"lazy\" decoding=\"async\" width=\"434\" height=\"255\" src=\"https:\/\/fideamerica.net\/site\/wp-content\/uploads\/2025\/11\/upcoming-seminars.jpeg\" class=\"attachment-post-thumbnail size-post-thumbnail wp-post-image\" alt=\"Proximos Seminarios de Arbitraje\" style=\"object-fit:cover;\" srcset=\"https:\/\/fideamerica.net\/site\/wp-content\/uploads\/2025\/11\/upcoming-seminars.jpeg 434w, https:\/\/fideamerica.net\/site\/wp-content\/uploads\/2025\/11\/upcoming-seminars-300x176.jpeg 300w, https:\/\/fideamerica.net\/site\/wp-content\/uploads\/2025\/11\/upcoming-seminars-18x12.jpeg 18w\" sizes=\"auto, (max-width: 434px) 100vw, 434px\" \/><\/a><\/figure><\/div>\n\n\n\n<div class=\"wp-block-column is-vertically-aligned-center is-layout-flow wp-block-column-is-layout-flow\" style=\"flex-basis:75%\"><h2 class=\"wp-block-post-title\"><a href=\"https:\/\/fideamerica.net\/site\/en\/2025\/11\/21\/proximos-seminarios-de-arbitraje\/\" target=\"_self\" >Upcoming Arbiters Seminars<\/a><\/h2><\/div>\n<\/div>\n\n<\/li><li class=\"wp-block-post post-2243 post type-post status-publish format-standard has-post-thumbnail hentry category-arbitraje category-novedades category-seminarios\">\n\n<div class=\"wp-block-columns are-vertically-aligned-center is-layout-flex wp-container-core-columns-is-layout-9d6595d7 wp-block-columns-is-layout-flex\">\n<div class=\"wp-block-column is-vertically-aligned-center is-layout-flow wp-block-column-is-layout-flow\" style=\"flex-basis:25%\"><figure class=\"wp-block-post-featured-image\"><a href=\"https:\/\/fideamerica.net\/site\/en\/2025\/06\/02\/189-seminario-de-arbitros-fide-en-linea-cca\/\" target=\"_self\"  ><img loading=\"lazy\" decoding=\"async\" width=\"1073\" height=\"788\" src=\"https:\/\/fideamerica.net\/site\/wp-content\/uploads\/2025\/05\/CCA-Seminario_Arbitros_202507-med-1.jpg\" class=\"attachment-post-thumbnail size-post-thumbnail wp-post-image\" alt=\"189 Seminario de \u00c1rbitros FIDE en L\u00ednea (CCA) &#8211; Finalizado\" style=\"object-fit:cover;\" \/><\/a><\/figure><\/div>\n\n\n\n<div class=\"wp-block-column is-vertically-aligned-center is-layout-flow wp-block-column-is-layout-flow\" style=\"flex-basis:75%\"><h2 class=\"wp-block-post-title\"><a href=\"https:\/\/fideamerica.net\/site\/en\/2025\/06\/02\/189-seminario-de-arbitros-fide-en-linea-cca\/\" target=\"_self\" >189 Seminario de \u00c1rbitros FIDE en L\u00ednea (CCA) &#8211; Finalizado<\/a><\/h2><\/div>\n<\/div>\n\n<\/li><li class=\"wp-block-post post-1685 post type-post status-publish format-standard has-post-thumbnail hentry category-arbitraje category-seminarios\">\n\n<div class=\"wp-block-columns are-vertically-aligned-center is-layout-flex wp-container-core-columns-is-layout-9d6595d7 wp-block-columns-is-layout-flex\">\n<div class=\"wp-block-column is-vertically-aligned-center is-layout-flow wp-block-column-is-layout-flow\" style=\"flex-basis:25%\"><figure class=\"wp-block-post-featured-image\"><a href=\"https:\/\/fideamerica.net\/site\/en\/2024\/11\/19\/1685-2\/\" target=\"_self\"  ><img loading=\"lazy\" decoding=\"async\" width=\"1080\" height=\"1350\" src=\"https:\/\/fideamerica.net\/site\/wp-content\/uploads\/2024\/11\/465025271_988902766608406_5713666487721819926_n-1.jpg\" class=\"attachment-post-thumbnail size-post-thumbnail wp-post-image\" alt=\"Untitled post 1685\" style=\"object-fit:cover;\" \/><\/a><\/figure><\/div>\n\n\n\n<div class=\"wp-block-column is-vertically-aligned-center is-layout-flow wp-block-column-is-layout-flow\" style=\"flex-basis:75%\"><\/div>\n<\/div>\n\n<\/li><li class=\"wp-block-post post-1563 post type-post status-publish format-standard has-post-thumbnail hentry category-arbitraje category-novedades\">\n\n<div class=\"wp-block-columns are-vertically-aligned-center is-layout-flex wp-container-core-columns-is-layout-9d6595d7 wp-block-columns-is-layout-flex\">\n<div class=\"wp-block-column is-vertically-aligned-center is-layout-flow wp-block-column-is-layout-flow\" style=\"flex-basis:25%\"><figure class=\"wp-block-post-featured-image\"><a href=\"https:\/\/fideamerica.net\/site\/en\/2024\/10\/15\/curso-de-actualizacion-de-arbitros\/\" target=\"_self\"  ><img loading=\"lazy\" decoding=\"async\" width=\"788\" height=\"651\" src=\"https:\/\/fideamerica.net\/site\/wp-content\/uploads\/2024\/10\/frame-1.jpg\" class=\"attachment-post-thumbnail size-post-thumbnail wp-post-image\" alt=\"Curso de Actualizacion de Arbitros\" style=\"object-fit:cover;\" \/><\/a><\/figure><\/div>\n\n\n\n<div class=\"wp-block-column is-vertically-aligned-center is-layout-flow wp-block-column-is-layout-flow\" style=\"flex-basis:75%\"><h2 class=\"wp-block-post-title\"><a href=\"https:\/\/fideamerica.net\/site\/en\/2024\/10\/15\/curso-de-actualizacion-de-arbitros\/\" target=\"_self\" >Curso de Actualizacion de Arbitros<\/a><\/h2><\/div>\n<\/div>\n\n<\/li><li class=\"wp-block-post post-1467 post type-post status-publish format-standard has-post-thumbnail hentry category-arbitraje category-novedades\">\n\n<div class=\"wp-block-columns are-vertically-aligned-center is-layout-flex wp-container-core-columns-is-layout-9d6595d7 wp-block-columns-is-layout-flex\">\n<div class=\"wp-block-column is-vertically-aligned-center is-layout-flow wp-block-column-is-layout-flow\" style=\"flex-basis:25%\"><figure class=\"wp-block-post-featured-image\"><a href=\"https:\/\/fideamerica.net\/site\/en\/2024\/08\/18\/161-seminario-de-161-seminario-de-arbitros-de-la-fide-basado-en-internet-cca-informe\/\" target=\"_self\"  ><img loading=\"lazy\" decoding=\"async\" width=\"800\" height=\"445\" src=\"https:\/\/fideamerica.net\/site\/wp-content\/uploads\/2024\/08\/arbiters-1.jpg\" class=\"attachment-post-thumbnail size-post-thumbnail wp-post-image\" alt=\"161\u00b0 Seminario de 161\u00b0 Seminario de \u00e1rbitros de la FIDE basado en Internet (CCA) \u2013 Informe\" style=\"object-fit:cover;\" \/><\/a><\/figure><\/div>\n\n\n\n<div class=\"wp-block-column is-vertically-aligned-center is-layout-flow wp-block-column-is-layout-flow\" style=\"flex-basis:75%\"><h2 class=\"wp-block-post-title\"><a href=\"https:\/\/fideamerica.net\/site\/en\/2024\/08\/18\/161-seminario-de-161-seminario-de-arbitros-de-la-fide-basado-en-internet-cca-informe\/\" target=\"_self\" >161\u00b0 Seminario de 161\u00b0 Seminario de \u00e1rbitros de la FIDE basado en Internet (CCA) \u2013 Informe<\/a><\/h2><\/div>\n<\/div>\n\n<\/li><li class=\"wp-block-post post-1381 post type-post status-publish format-standard has-post-thumbnail hentry category-arbitraje category-novedades category-seminarios\">\n\n<div class=\"wp-block-columns are-vertically-aligned-center is-layout-flex wp-container-core-columns-is-layout-9d6595d7 wp-block-columns-is-layout-flex\">\n<div class=\"wp-block-column is-vertically-aligned-center is-layout-flow wp-block-column-is-layout-flow\" style=\"flex-basis:25%\"><figure class=\"wp-block-post-featured-image\"><a href=\"https:\/\/fideamerica.net\/site\/en\/2024\/06\/29\/161o-seminario-de-arbitros-fide-por-internet-confederacion-de-ajedrez-de-las-americas\/\" target=\"_self\"  ><img loading=\"lazy\" decoding=\"async\" width=\"702\" height=\"311\" src=\"https:\/\/fideamerica.net\/site\/wp-content\/uploads\/2024\/06\/FIDE_Arbiters_Seminar-2024-banner-1.jpg\" class=\"attachment-post-thumbnail size-post-thumbnail wp-post-image\" alt=\"161\u00ba Seminario de \u00c1rbitros FIDE por Internet COPOS COMPLETOS &#8211; INSCRIPCION CERRADA\" style=\"object-fit:cover;\" \/><\/a><\/figure><\/div>\n\n\n\n<div class=\"wp-block-column is-vertically-aligned-center is-layout-flow wp-block-column-is-layout-flow\" style=\"flex-basis:75%\"><h2 class=\"wp-block-post-title\"><a href=\"https:\/\/fideamerica.net\/site\/en\/2024\/06\/29\/161o-seminario-de-arbitros-fide-por-internet-confederacion-de-ajedrez-de-las-americas\/\" target=\"_self\" >161\u00ba Seminario de \u00c1rbitros FIDE por Internet COPOS COMPLETOS &#8211; INSCRIPCION CERRADA<\/a><\/h2><\/div>\n<\/div>\n\n<\/li><li class=\"wp-block-post post-1238 post type-post status-publish format-standard has-post-thumbnail hentry category-arbitraje category-novedades\">\n\n<div class=\"wp-block-columns are-vertically-aligned-center is-layout-flex wp-container-core-columns-is-layout-9d6595d7 wp-block-columns-is-layout-flex\">\n<div class=\"wp-block-column is-vertically-aligned-center is-layout-flow wp-block-column-is-layout-flow\" style=\"flex-basis:25%\"><figure class=\"wp-block-post-featured-image\"><a href=\"https:\/\/fideamerica.net\/site\/en\/2024\/04\/18\/culmino-con-exito-el-primer-curso-de-arbitraje-dictado-por-la-cca\/\" target=\"_self\"  ><img loading=\"lazy\" decoding=\"async\" width=\"1894\" height=\"996\" src=\"https:\/\/fideamerica.net\/site\/wp-content\/uploads\/2024\/04\/curso11-1.png\" class=\"attachment-post-thumbnail size-post-thumbnail wp-post-image\" alt=\"Culmin\u00f3 con \u00e9xito el primer curso de Arbitraje dictado por la CCA\" style=\"object-fit:cover;\" \/><\/a><\/figure><\/div>\n\n\n\n<div class=\"wp-block-column is-vertically-aligned-center is-layout-flow wp-block-column-is-layout-flow\" style=\"flex-basis:75%\"><h2 class=\"wp-block-post-title\"><a href=\"https:\/\/fideamerica.net\/site\/en\/2024\/04\/18\/culmino-con-exito-el-primer-curso-de-arbitraje-dictado-por-la-cca\/\" target=\"_self\" >Culmin\u00f3 con \u00e9xito el primer curso de Arbitraje dictado por la CCA<\/a><\/h2><\/div>\n<\/div>\n\n<\/li><li class=\"wp-block-post post-1080 post type-post status-publish format-standard has-post-thumbnail hentry category-arbitraje category-novedades category-seminarios\">\n\n<div class=\"wp-block-columns are-vertically-aligned-center is-layout-flex wp-container-core-columns-is-layout-9d6595d7 wp-block-columns-is-layout-flex\">\n<div class=\"wp-block-column is-vertically-aligned-center is-layout-flow wp-block-column-is-layout-flow\" style=\"flex-basis:25%\"><figure class=\"wp-block-post-featured-image\"><a href=\"https:\/\/fideamerica.net\/site\/en\/2024\/03\/07\/seminario-on-line-de-actualizacion-de-leyes-del-ajedrez-ideal-para-an-af-y-ai\/\" target=\"_self\"  ><img loading=\"lazy\" decoding=\"async\" width=\"716\" height=\"452\" src=\"https:\/\/fideamerica.net\/site\/wp-content\/uploads\/2024\/03\/seminarioOnlineArbitros2024-banner-portada-1.jpg\" class=\"attachment-post-thumbnail size-post-thumbnail wp-post-image\" alt=\"Seminario On Line de actualizaci\u00f3n de Leyes del Ajedrez &#8211; ideal para AN, AF y AI\" style=\"object-fit:cover;\" \/><\/a><\/figure><\/div>\n\n\n\n<div class=\"wp-block-column is-vertically-aligned-center is-layout-flow wp-block-column-is-layout-flow\" style=\"flex-basis:75%\"><h2 class=\"wp-block-post-title\"><a href=\"https:\/\/fideamerica.net\/site\/en\/2024\/03\/07\/seminario-on-line-de-actualizacion-de-leyes-del-ajedrez-ideal-para-an-af-y-ai\/\" target=\"_self\" >Seminario On Line de actualizaci\u00f3n de Leyes del Ajedrez &#8211; ideal para AN, AF y AI<\/a><\/h2><\/div>\n<\/div>\n\n<\/li><li class=\"wp-block-post post-1062 post type-post status-publish format-standard has-post-thumbnail hentry category-arbitraje\">\n\n<div class=\"wp-block-columns are-vertically-aligned-center is-layout-flex wp-container-core-columns-is-layout-9d6595d7 wp-block-columns-is-layout-flex\">\n<div class=\"wp-block-column is-vertically-aligned-center is-layout-flow wp-block-column-is-layout-flow\" style=\"flex-basis:25%\"><figure class=\"wp-block-post-featured-image\"><a href=\"https:\/\/fideamerica.net\/site\/en\/2024\/02\/26\/seminario-de-certificacion-de-arbitro-internacional\/\" target=\"_self\"  ><img loading=\"lazy\" decoding=\"async\" width=\"800\" height=\"445\" src=\"https:\/\/fideamerica.net\/site\/wp-content\/uploads\/2024\/02\/20240223_ia_sertification_seminar-800x445-1-1.jpg\" class=\"attachment-post-thumbnail size-post-thumbnail wp-post-image\" alt=\"Seminario de Certificaci\u00f3n de \u00c1rbitro Internacional\" style=\"object-fit:cover;\" \/><\/a><\/figure><\/div>\n\n\n\n<div class=\"wp-block-column is-vertically-aligned-center is-layout-flow wp-block-column-is-layout-flow\" style=\"flex-basis:75%\"><h2 class=\"wp-block-post-title\"><a href=\"https:\/\/fideamerica.net\/site\/en\/2024\/02\/26\/seminario-de-certificacion-de-arbitro-internacional\/\" target=\"_self\" >Seminario de Certificaci\u00f3n de \u00c1rbitro Internacional<\/a><\/h2><\/div>\n<\/div>\n\n<\/li><li class=\"wp-block-post post-1047 post type-post status-publish format-standard has-post-thumbnail hentry category-arbitraje\">\n\n<div class=\"wp-block-columns are-vertically-aligned-center is-layout-flex wp-container-core-columns-is-layout-9d6595d7 wp-block-columns-is-layout-flex\">\n<div class=\"wp-block-column is-vertically-aligned-center is-layout-flow wp-block-column-is-layout-flow\" style=\"flex-basis:25%\"><figure class=\"wp-block-post-featured-image\"><a href=\"https:\/\/fideamerica.net\/site\/en\/2024\/02\/16\/reunion-de-las-comisiones-continetales-de-arbitros-con-la-comision-de-arbitros-de-fide\/\" target=\"_self\"  ><img loading=\"lazy\" decoding=\"async\" width=\"1600\" height=\"900\" src=\"https:\/\/fideamerica.net\/site\/wp-content\/uploads\/2024\/02\/WhatsApp-Image-2024-02-16-at-17.04.03-1.jpeg\" class=\"attachment-post-thumbnail size-post-thumbnail wp-post-image\" alt=\"REUNION DE LAS COMISIONES CONTINETALES DE ARBITROS, CON LA COMISION DE ARBITROS DE FIDE\" style=\"object-fit:cover;\" \/><\/a><\/figure><\/div>\n\n\n\n<div class=\"wp-block-column is-vertically-aligned-center is-layout-flow wp-block-column-is-layout-flow\" style=\"flex-basis:75%\"><h2 class=\"wp-block-post-title\"><a href=\"https:\/\/fideamerica.net\/site\/en\/2024\/02\/16\/reunion-de-las-comisiones-continetales-de-arbitros-con-la-comision-de-arbitros-de-fide\/\" target=\"_self\" >REUNION DE LAS COMISIONES CONTINETALES DE ARBITROS, CON LA COMISION DE ARBITROS DE FIDE<\/a><\/h2><\/div>\n<\/div>\n\n<\/li><li class=\"wp-block-post post-1019 post type-post status-publish format-standard has-post-thumbnail hentry category-arbitraje category-destacados category-novedades\">\n\n<div class=\"wp-block-columns are-vertically-aligned-center is-layout-flex wp-container-core-columns-is-layout-9d6595d7 wp-block-columns-is-layout-flex\">\n<div class=\"wp-block-column is-vertically-aligned-center is-layout-flow wp-block-column-is-layout-flow\" style=\"flex-basis:25%\"><figure class=\"wp-block-post-featured-image\"><a href=\"https:\/\/fideamerica.net\/site\/en\/2024\/02\/03\/llamado-a-interes-para-arbitros-en-la-45th-chess-olympiad-budapest-2024\/\" target=\"_self\"  ><img loading=\"lazy\" decoding=\"async\" width=\"800\" height=\"445\" src=\"https:\/\/fideamerica.net\/site\/wp-content\/uploads\/2024\/02\/budapest_olympiad2024_pic-800x445-1-1.jpg\" class=\"attachment-post-thumbnail size-post-thumbnail wp-post-image\" alt=\"Llamado a inter\u00e9s para \u00e1rbitros en la 45th Chess Olympiad Budapest 2024\" style=\"object-fit:cover;\" \/><\/a><\/figure><\/div>\n\n\n\n<div class=\"wp-block-column is-vertically-aligned-center is-layout-flow wp-block-column-is-layout-flow\" style=\"flex-basis:75%\"><h2 class=\"wp-block-post-title\"><a href=\"https:\/\/fideamerica.net\/site\/en\/2024\/02\/03\/llamado-a-interes-para-arbitros-en-la-45th-chess-olympiad-budapest-2024\/\" target=\"_self\" >Llamado a inter\u00e9s para \u00e1rbitros en la 45th Chess Olympiad Budapest 2024<\/a><\/h2><\/div>\n<\/div>\n\n<\/li><li class=\"wp-block-post post-992 post type-post status-publish format-standard has-post-thumbnail hentry category-arbitraje\">\n\n<div class=\"wp-block-columns are-vertically-aligned-center is-layout-flex wp-container-core-columns-is-layout-9d6595d7 wp-block-columns-is-layout-flex\">\n<div class=\"wp-block-column is-vertically-aligned-center is-layout-flow wp-block-column-is-layout-flow\" style=\"flex-basis:25%\"><figure class=\"wp-block-post-featured-image\"><a href=\"https:\/\/fideamerica.net\/site\/en\/2024\/01\/19\/136th-internet-based-fide-arbiters-seminar-peru-report\/\" target=\"_self\"  ><img loading=\"lazy\" decoding=\"async\" width=\"443\" height=\"334\" src=\"https:\/\/fideamerica.net\/site\/wp-content\/uploads\/2024\/01\/arbiters1-1.jpg\" class=\"attachment-post-thumbnail size-post-thumbnail wp-post-image\" alt=\"Presentaci\u00f3n de la Comisi\u00f3n de Arbitros, en la II Asamblea General de FIDE Am\u00e9rica\" style=\"object-fit:cover;\" \/><\/a><\/figure><\/div>\n\n\n\n<div class=\"wp-block-column is-vertically-aligned-center is-layout-flow wp-block-column-is-layout-flow\" style=\"flex-basis:75%\"><h2 class=\"wp-block-post-title\"><a href=\"https:\/\/fideamerica.net\/site\/en\/2024\/01\/19\/136th-internet-based-fide-arbiters-seminar-peru-report\/\" target=\"_self\" >Presentaci\u00f3n de la Comisi\u00f3n de Arbitros, en la II Asamblea General de FIDE Am\u00e9rica<\/a><\/h2><\/div>\n<\/div>\n\n<\/li><li class=\"wp-block-post post-821 post type-post status-publish format-standard has-post-thumbnail hentry category-arbitraje category-destacados category-novedades\">\n\n<div class=\"wp-block-columns are-vertically-aligned-center is-layout-flex wp-container-core-columns-is-layout-9d6595d7 wp-block-columns-is-layout-flex\">\n<div class=\"wp-block-column is-vertically-aligned-center is-layout-flow wp-block-column-is-layout-flow\" style=\"flex-basis:25%\"><figure class=\"wp-block-post-featured-image\"><a href=\"https:\/\/fideamerica.net\/site\/en\/2023\/10\/20\/triste-noticia-para-el-ajedrez-de-america\/\" target=\"_self\"  ><img loading=\"lazy\" decoding=\"async\" width=\"800\" height=\"500\" src=\"https:\/\/fideamerica.net\/site\/wp-content\/uploads\/2023\/01\/saludo-condolencia-1.png\" class=\"attachment-post-thumbnail size-post-thumbnail wp-post-image\" alt=\"Triste noticia para el ajedrez de Am\u00e9rica\" style=\"object-fit:cover;\" \/><\/a><\/figure><\/div>\n\n\n\n<div class=\"wp-block-column is-vertically-aligned-center is-layout-flow wp-block-column-is-layout-flow\" style=\"flex-basis:75%\"><h2 class=\"wp-block-post-title\"><a href=\"https:\/\/fideamerica.net\/site\/en\/2023\/10\/20\/triste-noticia-para-el-ajedrez-de-america\/\" target=\"_self\" >Triste noticia para el ajedrez de Am\u00e9rica<\/a><\/h2><\/div>\n<\/div>\n\n<\/li><li class=\"wp-block-post post-439 post type-post status-publish format-standard has-post-thumbnail hentry category-arbitraje category-comunicados category-destacados category-novedades\">\n\n<div class=\"wp-block-columns are-vertically-aligned-center is-layout-flex wp-container-core-columns-is-layout-9d6595d7 wp-block-columns-is-layout-flex\">\n<div class=\"wp-block-column is-vertically-aligned-center is-layout-flow wp-block-column-is-layout-flow\" style=\"flex-basis:25%\"><figure class=\"wp-block-post-featured-image\"><a href=\"https:\/\/fideamerica.net\/site\/en\/2023\/02\/02\/cca-anuncia-sus-comisiones-de-trabajo\/\" target=\"_self\"  ><img loading=\"lazy\" decoding=\"async\" width=\"800\" height=\"460\" src=\"https:\/\/fideamerica.net\/site\/wp-content\/uploads\/2022\/11\/Untitled-design-13-1.png\" class=\"attachment-post-thumbnail size-post-thumbnail wp-post-image\" alt=\"CCA Anuncia sus Comisiones de Trabajo\" style=\"object-fit:cover;\" \/><\/a><\/figure><\/div>\n\n\n\n<div class=\"wp-block-column is-vertically-aligned-center is-layout-flow wp-block-column-is-layout-flow\" style=\"flex-basis:75%\"><h2 class=\"wp-block-post-title\"><a href=\"https:\/\/fideamerica.net\/site\/en\/2023\/02\/02\/cca-anuncia-sus-comisiones-de-trabajo\/\" target=\"_self\" >CCA Anuncia sus Comisiones de Trabajo<\/a><\/h2><\/div>\n<\/div>\n\n<\/li><li class=\"wp-block-post post-262 post type-post status-publish format-standard has-post-thumbnail hentry category-arbitraje category-novedades category-seminarios\">\n\n<div class=\"wp-block-columns are-vertically-aligned-center is-layout-flex wp-container-core-columns-is-layout-9d6595d7 wp-block-columns-is-layout-flex\">\n<div class=\"wp-block-column is-vertically-aligned-center is-layout-flow wp-block-column-is-layout-flow\" style=\"flex-basis:25%\"><figure class=\"wp-block-post-featured-image\"><a href=\"https:\/\/fideamerica.net\/site\/en\/2022\/11\/17\/122-seminario-para-arbitro-fide-modalidad-online\/\" target=\"_self\"  ><img loading=\"lazy\" decoding=\"async\" width=\"800\" height=\"460\" src=\"https:\/\/fideamerica.net\/site\/wp-content\/uploads\/2022\/11\/Seminario-para-arbitros-1.png\" class=\"attachment-post-thumbnail size-post-thumbnail wp-post-image\" alt=\"Seminario para Arbitros FIDE en Rio de Janeiro\" style=\"object-fit:cover;\" \/><\/a><\/figure><\/div>\n\n\n\n<div class=\"wp-block-column is-vertically-aligned-center is-layout-flow wp-block-column-is-layout-flow\" style=\"flex-basis:75%\"><h2 class=\"wp-block-post-title\"><a href=\"https:\/\/fideamerica.net\/site\/en\/2022\/11\/17\/122-seminario-para-arbitro-fide-modalidad-online\/\" target=\"_self\" >Seminario para Arbitros FIDE en Rio de Janeiro<\/a><\/h2><\/div>\n<\/div>\n\n<\/li><li class=\"wp-block-post post-229 post type-post status-publish format-standard has-post-thumbnail hentry category-arbitraje category-novedades category-seminarios\">\n\n<div class=\"wp-block-columns are-vertically-aligned-center is-layout-flex wp-container-core-columns-is-layout-9d6595d7 wp-block-columns-is-layout-flex\">\n<div class=\"wp-block-column is-vertically-aligned-center is-layout-flow wp-block-column-is-layout-flow\" style=\"flex-basis:25%\"><figure class=\"wp-block-post-featured-image\"><a href=\"https:\/\/fideamerica.net\/site\/en\/2022\/11\/16\/124o-seminario-de-arbitros-de-la-fide\/\" target=\"_self\"  ><img loading=\"lazy\" decoding=\"async\" width=\"800\" height=\"460\" src=\"https:\/\/fideamerica.net\/site\/wp-content\/uploads\/2022\/11\/Seminario-para-arbitros-1.png\" class=\"attachment-post-thumbnail size-post-thumbnail wp-post-image\" alt=\"124\u00ba Seminario de \u00c1rbitros de la FIDE\" style=\"object-fit:cover;\" \/><\/a><\/figure><\/div>\n\n\n\n<div class=\"wp-block-column is-vertically-aligned-center is-layout-flow wp-block-column-is-layout-flow\" style=\"flex-basis:75%\"><h2 class=\"wp-block-post-title\"><a href=\"https:\/\/fideamerica.net\/site\/en\/2022\/11\/16\/124o-seminario-de-arbitros-de-la-fide\/\" target=\"_self\" >124\u00ba Seminario de \u00c1rbitros de la FIDE<\/a><\/h2><\/div>\n<\/div>\n\n<\/li><li class=\"wp-block-post post-140 post type-post status-publish format-standard has-post-thumbnail hentry category-arbitraje category-novedades category-seminarios\">\n\n<div class=\"wp-block-columns are-vertically-aligned-center is-layout-flex wp-container-core-columns-is-layout-9d6595d7 wp-block-columns-is-layout-flex\">\n<div class=\"wp-block-column is-vertically-aligned-center is-layout-flow wp-block-column-is-layout-flow\" style=\"flex-basis:25%\"><figure class=\"wp-block-post-featured-image\"><a href=\"https:\/\/fideamerica.net\/site\/en\/2022\/11\/14\/123-internet-based-fide-arbiters-seminar\/\" target=\"_self\"  ><img loading=\"lazy\" decoding=\"async\" width=\"750\" height=\"480\" src=\"https:\/\/fideamerica.net\/site\/wp-content\/uploads\/2022\/11\/ChessArbiter1-1.jpg\" class=\"attachment-post-thumbnail size-post-thumbnail wp-post-image\" alt=\"122 Internet Based FIDE Arbiters Seminar\" style=\"object-fit:cover;\" \/><\/a><\/figure><\/div>\n\n\n\n<div class=\"wp-block-column is-vertically-aligned-center is-layout-flow wp-block-column-is-layout-flow\" style=\"flex-basis:75%\"><h2 class=\"wp-block-post-title\"><a href=\"https:\/\/fideamerica.net\/site\/en\/2022\/11\/14\/123-internet-based-fide-arbiters-seminar\/\" target=\"_self\" >122 Internet Based FIDE Arbiters Seminar<\/a><\/h2><\/div>\n<\/div>\n\n<\/li><\/ul><\/div>","protected":false},"excerpt":{"rendered":"","protected":false},"author":1,"featured_media":0,"parent":0,"menu_order":0,"comment_status":"closed","ping_status":"closed","template":"","meta":{"footnotes":""},"class_list":["post-15","page","type-page","status-publish","hentry"],"_links":{"self":[{"href":"https:\/\/fideamerica.net\/site\/en\/wp-json\/wp\/v2\/pages\/15","targetHints":{"allow":["GET"]}}],"collection":[{"href":"https:\/\/fideamerica.net\/site\/en\/wp-json\/wp\/v2\/pages"}],"about":[{"href":"https:\/\/fideamerica.net\/site\/en\/wp-json\/wp\/v2\/types\/page"}],"author":[{"embeddable":true,"href":"https:\/\/fideamerica.net\/site\/en\/wp-json\/wp\/v2\/users\/1"}],"replies":[{"embeddable":true,"href":"https:\/\/fideamerica.net\/site\/en\/wp-json\/wp\/v2\/comments?post=15"}],"version-history":[{"count":0,"href":"https:\/\/fideamerica.net\/site\/en\/wp-json\/wp\/v2\/pages\/15\/revisions"}],"wp:attachment":[{"href":"https:\/\/fideamerica.net\/site\/en\/wp-json\/wp\/v2\/media?parent=15"}],"curies":[{"name":"wp","href":"https:\/\/api.w.org\/{rel}","templated":true}]}}