{"id":1489,"date":"2024-08-26T13:00:55","date_gmt":"2024-08-26T13:00:55","guid":{"rendered":"https:\/\/fideamerica.net\/site\/?page_id=1489"},"modified":"2024-08-26T13:00:55","modified_gmt":"2024-08-26T13:00:55","slug":"comision-de-educacion-de-fide-america","status":"publish","type":"page","link":"https:\/\/fideamerica.net\/site\/en\/comision-de-educacion-de-fide-america\/","title":{"rendered":"Comisi\u00f3n de Educaci\u00f3n de FIDE Am\u00e9rica"},"content":{"rendered":"<p><br><\/p>\n\n\n<ul class=\"wp-block-latest-posts__list wp-block-latest-posts\"><\/ul>","protected":false},"excerpt":{"rendered":"","protected":false},"author":1,"featured_media":0,"parent":0,"menu_order":0,"comment_status":"closed","ping_status":"closed","template":"","meta":{"footnotes":""},"class_list":["post-1489","page","type-page","status-publish","hentry"],"_links":{"self":[{"href":"https:\/\/fideamerica.net\/site\/en\/wp-json\/wp\/v2\/pages\/1489","targetHints":{"allow":["GET"]}}],"collection":[{"href":"https:\/\/fideamerica.net\/site\/en\/wp-json\/wp\/v2\/pages"}],"about":[{"href":"https:\/\/fideamerica.net\/site\/en\/wp-json\/wp\/v2\/types\/page"}],"author":[{"embeddable":true,"href":"https:\/\/fideamerica.net\/site\/en\/wp-json\/wp\/v2\/users\/1"}],"replies":[{"embeddable":true,"href":"https:\/\/fideamerica.net\/site\/en\/wp-json\/wp\/v2\/comments?post=1489"}],"version-history":[{"count":0,"href":"https:\/\/fideamerica.net\/site\/en\/wp-json\/wp\/v2\/pages\/1489\/revisions"}],"wp:attachment":[{"href":"https:\/\/fideamerica.net\/site\/en\/wp-json\/wp\/v2\/media?parent=1489"}],"curies":[{"name":"wp","href":"https:\/\/api.w.org\/{rel}","templated":true}]}}